{"id":959,"date":"2024-10-08T11:42:06","date_gmt":"2024-10-08T09:42:06","guid":{"rendered":"https:\/\/www.chateau-darmailhac.com\/?page_id=959"},"modified":"2025-03-06T21:11:10","modified_gmt":"2025-03-06T20:11:10","slug":"terroir","status":"publish","type":"page","link":"https:\/\/www.chateau-darmailhac.com\/fr\/terroir\/","title":{"rendered":"Le terroir"},"content":{"rendered":"","protected":false},"excerpt":{"rendered":"","protected":false},"author":1,"featured_media":0,"parent":0,"menu_order":26,"comment_status":"closed","ping_status":"closed","template":"template-content-sections.php","meta":{"_acf_changed":false,"footnotes":""},"class_list":["post-959","page","type-page","status-publish","hentry"],"acf":[],"yoast_head":"<!-- This site is optimized with the Yoast SEO plugin v25.0 - https:\/\/yoast.com\/wordpress\/plugins\/seo\/ -->\n<title>Ch\u00e2teau d&#039;Armailhac, le terroir<\/title>\n<meta name=\"description\" content=\"Le vignoble de Ch\u00e2teau d\u2019Armailhac s\u2019\u00e9tend sur plus de 80 hectares, r\u00e9partis sur quatre croupes. Il rassemble les diff\u00e9rents types de sols de l\u2019appellation.\" \/>\n<meta name=\"robots\" content=\"index, follow, max-snippet:-1, max-image-preview:large, max-video-preview:-1\" \/>\n<link rel=\"canonical\" href=\"https:\/\/www.chateau-darmailhac.com\/fr\/terroir\/\" \/>\n<meta property=\"og:locale\" content=\"fr_FR\" \/>\n<meta property=\"og:type\" content=\"article\" \/>\n<meta property=\"og:title\" content=\"Ch\u00e2teau d&#039;Armailhac, le terroir\" \/>\n<meta property=\"og:description\" content=\"Le vignoble de Ch\u00e2teau d\u2019Armailhac s\u2019\u00e9tend sur plus de 80 hectares, r\u00e9partis sur quatre croupes. Il rassemble les diff\u00e9rents types de sols de l\u2019appellation.\" \/>\n<meta property=\"og:url\" content=\"https:\/\/www.chateau-darmailhac.com\/fr\/terroir\/\" \/>\n<meta property=\"og:site_name\" content=\"Ch\u00e2teau d&#039;Armailhac\" \/>\n<meta property=\"article:modified_time\" content=\"2025-03-06T20:11:10+00:00\" \/>\n<meta property=\"og:image\" content=\"https:\/\/www.chateau-darmailhac.com\/wp-content\/uploads\/2024\/10\/hero-terroir-1.jpg\" \/>\n\t<meta property=\"og:image:width\" content=\"2500\" \/>\n\t<meta property=\"og:image:height\" content=\"1136\" \/>\n\t<meta property=\"og:image:type\" content=\"image\/jpeg\" \/>\n<meta name=\"twitter:card\" content=\"summary_large_image\" \/>\n<script type=\"application\/ld+json\" class=\"yoast-schema-graph\">{\"@context\":\"https:\/\/schema.org\",\"@graph\":[{\"@type\":\"WebPage\",\"@id\":\"https:\/\/www.chateau-darmailhac.com\/fr\/terroir\/\",\"url\":\"https:\/\/www.chateau-darmailhac.com\/fr\/terroir\/\",\"name\":\"Ch\u00e2teau d'Armailhac, le terroir\",\"isPartOf\":{\"@id\":\"https:\/\/www.chateau-darmailhac.com\/fr\/#website\"},\"datePublished\":\"2024-10-08T09:42:06+00:00\",\"dateModified\":\"2025-03-06T20:11:10+00:00\",\"description\":\"Le vignoble de Ch\u00e2teau d\u2019Armailhac s\u2019\u00e9tend sur plus de 80 hectares, r\u00e9partis sur quatre croupes. Il rassemble les diff\u00e9rents types de sols de l\u2019appellation.\",\"breadcrumb\":{\"@id\":\"https:\/\/www.chateau-darmailhac.com\/fr\/terroir\/#breadcrumb\"},\"inLanguage\":\"fr-FR\",\"potentialAction\":[{\"@type\":\"ReadAction\",\"target\":[\"https:\/\/www.chateau-darmailhac.com\/fr\/terroir\/\"]}]},{\"@type\":\"BreadcrumbList\",\"@id\":\"https:\/\/www.chateau-darmailhac.com\/fr\/terroir\/#breadcrumb\",\"itemListElement\":[{\"@type\":\"ListItem\",\"position\":1,\"name\":\"Home\",\"item\":\"https:\/\/www.chateau-darmailhac.com\/fr\/\"},{\"@type\":\"ListItem\",\"position\":2,\"name\":\"Le terroir\"}]},{\"@type\":\"WebSite\",\"@id\":\"https:\/\/www.chateau-darmailhac.com\/fr\/#website\",\"url\":\"https:\/\/www.chateau-darmailhac.com\/fr\/\",\"name\":\"Ch\u00e2teau d&#039;Armailhac\",\"description\":\"Grand Cru Class\u00e9\",\"potentialAction\":[{\"@type\":\"SearchAction\",\"target\":{\"@type\":\"EntryPoint\",\"urlTemplate\":\"https:\/\/www.chateau-darmailhac.com\/fr\/?s={search_term_string}\"},\"query-input\":{\"@type\":\"PropertyValueSpecification\",\"valueRequired\":true,\"valueName\":\"search_term_string\"}}],\"inLanguage\":\"fr-FR\"}]}<\/script>\n<!-- \/ Yoast SEO plugin. -->","yoast_head_json":{"title":"Ch\u00e2teau d'Armailhac, le terroir","description":"Le vignoble de Ch\u00e2teau d\u2019Armailhac s\u2019\u00e9tend sur plus de 80 hectares, r\u00e9partis sur quatre croupes. Il rassemble les diff\u00e9rents types de sols de l\u2019appellation.","robots":{"index":"index","follow":"follow","max-snippet":"max-snippet:-1","max-image-preview":"max-image-preview:large","max-video-preview":"max-video-preview:-1"},"canonical":"https:\/\/www.chateau-darmailhac.com\/fr\/terroir\/","og_locale":"fr_FR","og_type":"article","og_title":"Ch\u00e2teau d'Armailhac, le terroir","og_description":"Le vignoble de Ch\u00e2teau d\u2019Armailhac s\u2019\u00e9tend sur plus de 80 hectares, r\u00e9partis sur quatre croupes. Il rassemble les diff\u00e9rents types de sols de l\u2019appellation.","og_url":"https:\/\/www.chateau-darmailhac.com\/fr\/terroir\/","og_site_name":"Ch\u00e2teau d&#039;Armailhac","article_modified_time":"2025-03-06T20:11:10+00:00","og_image":[{"width":2500,"height":1136,"url":"https:\/\/www.chateau-darmailhac.com\/wp-content\/uploads\/2024\/10\/hero-terroir-1.jpg","type":"image\/jpeg"}],"twitter_card":"summary_large_image","schema":{"@context":"https:\/\/schema.org","@graph":[{"@type":"WebPage","@id":"https:\/\/www.chateau-darmailhac.com\/fr\/terroir\/","url":"https:\/\/www.chateau-darmailhac.com\/fr\/terroir\/","name":"Ch\u00e2teau d'Armailhac, le terroir","isPartOf":{"@id":"https:\/\/www.chateau-darmailhac.com\/fr\/#website"},"datePublished":"2024-10-08T09:42:06+00:00","dateModified":"2025-03-06T20:11:10+00:00","description":"Le vignoble de Ch\u00e2teau d\u2019Armailhac s\u2019\u00e9tend sur plus de 80 hectares, r\u00e9partis sur quatre croupes. Il rassemble les diff\u00e9rents types de sols de l\u2019appellation.","breadcrumb":{"@id":"https:\/\/www.chateau-darmailhac.com\/fr\/terroir\/#breadcrumb"},"inLanguage":"fr-FR","potentialAction":[{"@type":"ReadAction","target":["https:\/\/www.chateau-darmailhac.com\/fr\/terroir\/"]}]},{"@type":"BreadcrumbList","@id":"https:\/\/www.chateau-darmailhac.com\/fr\/terroir\/#breadcrumb","itemListElement":[{"@type":"ListItem","position":1,"name":"Home","item":"https:\/\/www.chateau-darmailhac.com\/fr\/"},{"@type":"ListItem","position":2,"name":"Le terroir"}]},{"@type":"WebSite","@id":"https:\/\/www.chateau-darmailhac.com\/fr\/#website","url":"https:\/\/www.chateau-darmailhac.com\/fr\/","name":"Ch\u00e2teau d&#039;Armailhac","description":"Grand Cru Class\u00e9","potentialAction":[{"@type":"SearchAction","target":{"@type":"EntryPoint","urlTemplate":"https:\/\/www.chateau-darmailhac.com\/fr\/?s={search_term_string}"},"query-input":{"@type":"PropertyValueSpecification","valueRequired":true,"valueName":"search_term_string"}}],"inLanguage":"fr-FR"}]}},"_links":{"self":[{"href":"https:\/\/www.chateau-darmailhac.com\/fr\/wp-json\/wp\/v2\/pages\/959","targetHints":{"allow":["GET"]}}],"collection":[{"href":"https:\/\/www.chateau-darmailhac.com\/fr\/wp-json\/wp\/v2\/pages"}],"about":[{"href":"https:\/\/www.chateau-darmailhac.com\/fr\/wp-json\/wp\/v2\/types\/page"}],"author":[{"embeddable":true,"href":"https:\/\/www.chateau-darmailhac.com\/fr\/wp-json\/wp\/v2\/users\/1"}],"replies":[{"embeddable":true,"href":"https:\/\/www.chateau-darmailhac.com\/fr\/wp-json\/wp\/v2\/comments?post=959"}],"version-history":[{"count":53,"href":"https:\/\/www.chateau-darmailhac.com\/fr\/wp-json\/wp\/v2\/pages\/959\/revisions"}],"predecessor-version":[{"id":1633,"href":"https:\/\/www.chateau-darmailhac.com\/fr\/wp-json\/wp\/v2\/pages\/959\/revisions\/1633"}],"wp:attachment":[{"href":"https:\/\/www.chateau-darmailhac.com\/fr\/wp-json\/wp\/v2\/media?parent=959"}],"curies":[{"name":"wp","href":"https:\/\/api.w.org\/{rel}","templated":true}]}}